{"id":5982,"date":"2024-01-29T15:10:00","date_gmt":"2024-01-29T15:10:00","guid":{"rendered":"https:\/\/www.countrycreditclub.com\/financiacion\/"},"modified":"2024-08-29T04:04:32","modified_gmt":"2024-08-29T04:04:32","slug":"financiacion","status":"publish","type":"page","link":"https:\/\/www.countrycreditclub.com\/es\/financiacion\/","title":{"rendered":"Financiaci\u00f3n"},"content":{"rendered":"<p><div class=\"fusion-fullwidth fullwidth-box fusion-builder-row-1 fusion-flex-container has-pattern-background has-mask-background nonhundred-percent-fullwidth non-hundred-percent-height-scrolling\" style=\"--awb-border-radius-top-left:0px;--awb-border-radius-top-right:0px;--awb-border-radius-bottom-right:0px;--awb-border-radius-bottom-left:0px;--awb-flex-wrap:wrap;\" ><div class=\"fusion-builder-row fusion-row fusion-flex-align-items-flex-start fusion-flex-content-wrap\" style=\"max-width:1216.8px;margin-left: calc(-4% \/ 2 );margin-right: calc(-4% \/ 2 );\"><div class=\"fusion-layout-column fusion_builder_column fusion-builder-column-0 fusion_builder_column_2_3 2_3 fusion-flex-column\" style=\"--awb-bg-size:cover;--awb-width-large:66.666666666667%;--awb-margin-top-large:0px;--awb-spacing-right-large:2.88%;--awb-margin-bottom-large:20px;--awb-spacing-left-large:2.88%;--awb-width-medium:100%;--awb-order-medium:0;--awb-spacing-right-medium:1.92%;--awb-spacing-left-medium:1.92%;--awb-width-small:100%;--awb-order-small:0;--awb-spacing-right-small:1.92%;--awb-spacing-left-small:1.92%;\"><div class=\"fusion-column-wrapper fusion-column-has-shadow fusion-flex-justify-content-flex-start fusion-content-layout-column\"><div class=\"fusion-text fusion-text-1\"><p>En Country Credit Club, reconocemos los retos y oportunidades \u00fanicos a los que se enfrentan las empresas en el din\u00e1mico panorama econ\u00f3mico actual.<br \/>\nNuestra misi\u00f3n es apoyar el crecimiento, la sostenibilidad y el \u00e9xito de tu empresa mediante un conjunto completo de productos financieros adaptados a las necesidades de las empresas.<br \/>\nDesde las nuevas empresas hasta las ya establecidas, proporcionamos las herramientas financieras y los recursos necesarios para recorrer tu camino empresarial con confianza.<br \/>\nDescubre nuestras soluciones financieras centradas en la empresa y perm\u00edtenos ser tu socio en la consecuci\u00f3n de tus objetivos empresariales.<\/p>\n<\/div><\/div><\/div><div class=\"fusion-layout-column fusion_builder_column fusion-builder-column-1 fusion_builder_column_1_3 1_3 fusion-flex-column\" style=\"--awb-bg-size:cover;--awb-width-large:33.333333333333%;--awb-margin-top-large:0px;--awb-spacing-right-large:5.76%;--awb-margin-bottom-large:20px;--awb-spacing-left-large:5.76%;--awb-width-medium:100%;--awb-order-medium:0;--awb-spacing-right-medium:1.92%;--awb-spacing-left-medium:1.92%;--awb-width-small:100%;--awb-order-small:0;--awb-spacing-right-small:1.92%;--awb-spacing-left-small:1.92%;\"><div class=\"fusion-column-wrapper fusion-column-has-shadow fusion-flex-justify-content-flex-start fusion-content-layout-column\"><div class=\"fusion-image-element \" style=\"--awb-caption-title-font-family:var(--h2_typography-font-family);--awb-caption-title-font-weight:var(--h2_typography-font-weight);--awb-caption-title-font-style:var(--h2_typography-font-style);--awb-caption-title-size:var(--h2_typography-font-size);--awb-caption-title-transform:var(--h2_typography-text-transform);--awb-caption-title-line-height:var(--h2_typography-line-height);--awb-caption-title-letter-spacing:var(--h2_typography-letter-spacing);\"><span class=\" fusion-imageframe imageframe-none imageframe-1 hover-type-none\"><img decoding=\"async\" width=\"900\" height=\"600\" title=\"People working on computer\" src=\"data:image\/svg+xml,%3Csvg%20xmlns%3D%27http%3A%2F%2Fwww.w3.org%2F2000%2Fsvg%27%20width%3D%27900%27%20height%3D%27600%27%20viewBox%3D%270%200%20900%20600%27%3E%3Crect%20width%3D%27900%27%20height%3D%27600%27%20fill-opacity%3D%220%22%2F%3E%3C%2Fsvg%3E\" data-orig-src=\"https:\/\/www.countrycreditclub.com\/wp-content\/uploads\/2016\/01\/13.jpg\" alt class=\"lazyload img-responsive wp-image-5529\"\/><\/span><\/div><\/div><\/div><\/div><\/div><div class=\"fusion-fullwidth fullwidth-box fusion-builder-row-2 fusion-flex-container has-pattern-background has-mask-background nonhundred-percent-fullwidth non-hundred-percent-height-scrolling\" style=\"--awb-border-radius-top-left:0px;--awb-border-radius-top-right:0px;--awb-border-radius-bottom-right:0px;--awb-border-radius-bottom-left:0px;--awb-flex-wrap:wrap;\" ><div class=\"fusion-builder-row fusion-row fusion-flex-align-items-flex-start fusion-flex-content-wrap\" style=\"max-width:1216.8px;margin-left: calc(-4% \/ 2 );margin-right: calc(-4% \/ 2 );\"><div class=\"fusion-layout-column fusion_builder_column fusion-builder-column-2 fusion_builder_column_1_1 1_1 fusion-flex-column\" style=\"--awb-bg-size:cover;--awb-width-large:100%;--awb-margin-top-large:0px;--awb-spacing-right-large:1.92%;--awb-margin-bottom-large:20px;--awb-spacing-left-large:1.92%;--awb-width-medium:100%;--awb-order-medium:0;--awb-spacing-right-medium:1.92%;--awb-spacing-left-medium:1.92%;--awb-width-small:100%;--awb-order-small:0;--awb-spacing-right-small:1.92%;--awb-spacing-left-small:1.92%;\"><div class=\"fusion-column-wrapper fusion-column-has-shadow fusion-flex-justify-content-flex-start fusion-content-layout-column\"><div class=\"fusion-content-boxes content-boxes columns row fusion-columns-3 fusion-columns-total-6 fusion-content-boxes-1 content-boxes-clean-horizontal content-left content-boxes-icon-on-side\" style=\"--awb-hover-accent-color:var(--awb-color4);--awb-circle-hover-accent-color:var(--awb-color4);\" data-animationOffset=\"top-into-view\"><div style=\"--awb-backgroundcolor:rgba(255,255,255,0);--awb-content-padding-left:70px;border-color:rgba(255,255,255,0);\" class=\"fusion-column content-box-column content-box-column content-box-column-1 col-lg-4 col-md-4 col-sm-4 fusion-content-box-hover content-box-column-first-in-row\"><div class=\"col content-box-wrapper content-wrapper link-area-link-icon icon-hover-animation-fade\" data-animationOffset=\"top-into-view\"><div class=\"heading heading-with-icon icon-left\"><div class=\"icon\"><i style=\"border-color:rgba(255,255,255,0);border-width:0px;background-color:var(--awb-color4);box-sizing:content-box;height:50px;width:50px;line-height:50px;border-radius:50%;font-size:25px;\" aria-hidden=\"true\" class=\"fontawesome-icon fa-hand-holding-usd fas circle-yes\"><\/i><\/div><h2 class=\"content-box-heading fusion-responsive-typography-calculated\" style=\"--h2_typography-font-size:18px;--fontSize:18;line-height:var(--awb-typography1-line-height);padding-left:70px;\">Pr\u00e9stamos para empresas<\/h2><\/div><div class=\"fusion-clearfix\"><\/div><div class=\"content-container\">\n<p>Libera el potencial de tu empresa con nuestros pr\u00e9stamos para empresas personalizados.<br \/>\nTanto si tu objetivo es la expansi\u00f3n, como si necesitas cubrir gastos operativos o quieres invertir en nueva tecnolog\u00eda, nuestros pr\u00e9stamos para empresas te proporcionan el capital que necesitas para avanzar.   <\/p>\n<ul>\n<li><strong>Soluciones de financiaci\u00f3n personalizadas<\/strong>: Pr\u00e9stamos adaptados a los objetivos de tu empresa y a tu situaci\u00f3n financiera.<\/li>\n<li><strong>Tarifas y condiciones competitivas<\/strong>: Accede a una financiaci\u00f3n asequible que apoye tu cuenta de resultados.<\/li>\n<li><strong>Asistencia dedicada<\/strong>: Nuestro equipo de expertos en pr\u00e9stamos a empresas est\u00e1 comprometido con tu \u00e9xito y dispuesto a ayudarte.<\/li>\n<\/ul>\n<\/div><\/div><\/div><div style=\"--awb-backgroundcolor:rgba(255,255,255,0);--awb-content-padding-left:70px;border-color:rgba(255,255,255,0);\" class=\"fusion-column content-box-column content-box-column content-box-column-2 col-lg-4 col-md-4 col-sm-4 fusion-content-box-hover \"><div class=\"col content-box-wrapper content-wrapper link-area-link-icon icon-hover-animation-fade\" data-animationOffset=\"top-into-view\"><div class=\"heading heading-with-icon icon-left\"><div class=\"icon\"><i style=\"border-color:rgba(255,255,255,0);border-width:0px;background-color:var(--awb-color4);box-sizing:content-box;height:50px;width:50px;line-height:50px;border-radius:50%;font-size:25px;\" aria-hidden=\"true\" class=\"fontawesome-icon fa-funnel-dollar fas circle-yes\"><\/i><\/div><h2 class=\"content-box-heading fusion-responsive-typography-calculated\" style=\"--h2_typography-font-size:18px;--fontSize:18;line-height:var(--awb-typography1-line-height);padding-left:70px;\">L\u00edneas de cr\u00e9dito<\/h2><\/div><div class=\"fusion-clearfix\"><\/div><div class=\"content-container\">\n<p>Experimenta una flexibilidad sin igual con nuestras l\u00edneas de cr\u00e9dito para empresas.<br \/>\nIdeales para gestionar el flujo de caja, hacer frente a gastos imprevistos o financiar proyectos en curso, nuestras l\u00edneas de cr\u00e9dito te garantizan el acceso a los fondos exactamente cuando los necesites.   <\/p>\n<ul>\n<li><strong>Acceso flexible a los fondos<\/strong>: Saca fondos de tu l\u00ednea de cr\u00e9dito en cualquier momento, hasta el l\u00edmite aprobado.<\/li>\n<li><strong>Eficiencia de intereses<\/strong>: Paga intereses s\u00f3lo por la cantidad que utilices, optimizando tus costes de financiaci\u00f3n.<\/li>\n<li><strong>Cr\u00e9dito renovable<\/strong>: Benef\u00edciate de un l\u00edmite de cr\u00e9dito que se repone a medida que devuelves las cantidades prestadas, ofreci\u00e9ndote un apoyo financiero continuo.<\/li>\n<\/ul>\n<\/div><\/div><\/div><div style=\"--awb-backgroundcolor:rgba(255,255,255,0);--awb-content-padding-left:70px;border-color:rgba(255,255,255,0);\" class=\"fusion-column content-box-column content-box-column content-box-column-3 col-lg-4 col-md-4 col-sm-4 fusion-content-box-hover content-box-column-last-in-row\"><div class=\"col content-box-wrapper content-wrapper link-area-link-icon icon-hover-animation-fade\" data-animationOffset=\"top-into-view\"><div class=\"heading heading-with-icon icon-left\"><div class=\"icon\"><i style=\"border-color:rgba(255,255,255,0);border-width:0px;background-color:var(--awb-color4);box-sizing:content-box;height:50px;width:50px;line-height:50px;border-radius:50%;font-size:25px;\" aria-hidden=\"true\" class=\"fontawesome-icon fa-industry fas circle-yes\"><\/i><\/div><h2 class=\"content-box-heading fusion-responsive-typography-calculated\" style=\"--h2_typography-font-size:18px;--fontSize:18;line-height:var(--awb-typography1-line-height);padding-left:70px;\">Hipotecas comerciales<\/h2><\/div><div class=\"fusion-clearfix\"><\/div><div class=\"content-container\">\n<p>Invierte en el futuro de tu empresa con nuestras soluciones hipotecarias comerciales.<br \/>\nTanto si vas a comprar una nueva propiedad, refinanciar una hipoteca existente o ampliar tus instalaciones, te ofrecemos tipos y condiciones competitivos para ayudarte a asegurar tus locales comerciales.   <\/p>\n<ul>\n<li><strong>Tipos competitivos<\/strong>: Aprov\u00e9chate de nuestros competitivos tipos hipotecarios comerciales.<\/li>\n<li><strong>Condiciones personalizables<\/strong>: Encuentra la soluci\u00f3n hipotecaria perfecta que se ajuste a tu estrategia empresarial.<\/li>\n<li><strong>Orientaci\u00f3n experta<\/strong>: Nuestros especialistas en hipotecas comerciales te guiar\u00e1n en cada paso, garantizando una transacci\u00f3n fluida y satisfactoria.<\/li>\n<\/ul>\n<\/div><\/div><\/div><div style=\"--awb-backgroundcolor:rgba(255,255,255,0);--awb-content-padding-left:70px;border-color:rgba(255,255,255,0);\" class=\"fusion-column content-box-column content-box-column content-box-column-4 col-lg-4 col-md-4 col-sm-4 fusion-content-box-hover content-box-column-first-in-row\"><div class=\"col content-box-wrapper content-wrapper link-area-link-icon icon-hover-animation-fade\" data-animationOffset=\"top-into-view\"><div class=\"heading heading-with-icon icon-left\"><div class=\"icon\"><i style=\"border-color:rgba(255,255,255,0);border-width:0px;background-color:var(--awb-color4);box-sizing:content-box;height:50px;width:50px;line-height:50px;border-radius:50%;font-size:25px;\" aria-hidden=\"true\" class=\"fontawesome-icon fa-cogs fas circle-yes\"><\/i><\/div><h2 class=\"content-box-heading fusion-responsive-typography-calculated\" style=\"--h2_typography-font-size:18px;--fontSize:18;line-height:var(--awb-typography1-line-height);padding-left:70px;\">Financiaci\u00f3n de equipos<\/h2><\/div><div class=\"fusion-clearfix\"><\/div><div class=\"content-container\">\n<p>Impulsa tu negocio con nuestras opciones de financiaci\u00f3n de equipos.<br \/>\nTanto si necesitas comprar maquinaria, veh\u00edculos o tecnolog\u00eda nuevos, nuestras soluciones de financiaci\u00f3n de equipos te proporcionan los medios para adquirir activos empresariales esenciales con facilidad.   <\/p>\n<ul>\n<li><strong>Opciones de financiaci\u00f3n flexibles<\/strong>: Adapta tu financiaci\u00f3n al tipo de equipo y a tus necesidades espec\u00edficas.<\/li>\n<li><strong>Preserva el capital circulante<\/strong>: Mant\u00e9n intacto tu flujo de caja financiando los equipos en lugar de comprarlos directamente.<\/li>\n<li><strong>Ventajas fiscales<\/strong>: Benef\u00edciate potencialmente de las ventajas fiscales asociadas a la financiaci\u00f3n de equipos.<\/li>\n<\/ul>\n<\/div><\/div><\/div><div style=\"--awb-backgroundcolor:rgba(255,255,255,0);--awb-content-padding-left:70px;border-color:rgba(255,255,255,0);\" class=\"fusion-column content-box-column content-box-column content-box-column-5 col-lg-4 col-md-4 col-sm-4 fusion-content-box-hover \"><div class=\"col content-box-wrapper content-wrapper link-area-link-icon icon-hover-animation-fade\" data-animationOffset=\"top-into-view\"><div class=\"heading heading-with-icon icon-left\"><div class=\"icon\"><i style=\"border-color:rgba(255,255,255,0);border-width:0px;background-color:var(--awb-color4);box-sizing:content-box;height:50px;width:50px;line-height:50px;border-radius:50%;font-size:25px;\" aria-hidden=\"true\" class=\"fontawesome-icon fa-credit-card fas circle-yes\"><\/i><\/div><h2 class=\"content-box-heading fusion-responsive-typography-calculated\" style=\"--h2_typography-font-size:18px;--fontSize:18;line-height:var(--awb-typography1-line-height);padding-left:70px;\">Tarjetas de cr\u00e9dito para empresas<\/h2><\/div><div class=\"fusion-clearfix\"><\/div><div class=\"content-container\">\n<p>Racionaliza tus gastos y desbloquea valiosas recompensas con nuestras tarjetas de cr\u00e9dito para empresas.<br \/>\nDise\u00f1adas para satisfacer las diversas necesidades de las empresas, nuestras tarjetas de cr\u00e9dito ofrecen comodidad, control y recompensas en tus gastos empresariales diarios.   <\/p>\n<ul>\n<li><strong>Beneficios gratificantes<\/strong>: Gana devoluciones en efectivo, puntos o millas en compras de empresa.<\/li>\n<li><strong>L\u00edmites de cr\u00e9dito flexibles<\/strong>: Elige una tarjeta que se adapte al panorama financiero de tu empresa.<\/li>\n<li><strong>Controles mejorados<\/strong>: Gestiona los gastos de los empleados con l\u00edmites personalizables y haz un seguimiento de los gastos sin esfuerzo.<\/li>\n<\/ul>\n<\/div><\/div><\/div><div style=\"--awb-backgroundcolor:rgba(255,255,255,0);--awb-content-padding-left:70px;border-color:rgba(255,255,255,0);\" class=\"fusion-column content-box-column content-box-column content-box-column-6 col-lg-4 col-md-4 col-sm-4 fusion-content-box-hover content-box-column-last content-box-column-last-in-row\"><div class=\"col content-box-wrapper content-wrapper link-area-link-icon icon-hover-animation-fade\" data-animationOffset=\"top-into-view\"><div class=\"heading heading-with-icon icon-left\"><div class=\"icon\"><i style=\"border-color:rgba(255,255,255,0);border-width:0px;background-color:var(--awb-color4);box-sizing:content-box;height:50px;width:50px;line-height:50px;border-radius:50%;font-size:25px;\" aria-hidden=\"true\" class=\"fontawesome-icon fa-exchange-alt fas circle-yes\"><\/i><\/div><h2 class=\"content-box-heading fusion-responsive-typography-calculated\" style=\"--h2_typography-font-size:18px;--fontSize:18;line-height:var(--awb-typography1-line-height);padding-left:70px;\">Servicios de factoring<\/h2><\/div><div class=\"fusion-clearfix\"><\/div><div class=\"content-container\">\n<p>Desbloquea el valor de tus cuentas por cobrar con nuestros servicios de factoring.<br \/>\nIdeal para mejorar el flujo de caja y reducir la carga de los cobros, el factoring te permite acceder a los fondos inmovilizados en facturas impagadas de forma r\u00e1pida y eficaz.   <\/p>\n<ul>\n<li><strong>Mejora inmediata del flujo de caja<\/strong>: Recibe un anticipo de tus facturas pendientes.<\/li>\n<li><strong>Reducci\u00f3n de los problemas de cobro<\/strong>: Gestionamos el proceso de cobro, permiti\u00e9ndote centrarte en tu negocio.<\/li>\n<li><strong>Condiciones flexibles<\/strong>: Soluciones de factoring a medida que se adaptan a tu modelo de negocio y a tus necesidades financieras.<\/li>\n<\/ul>\n<\/div><\/div><\/div><div class=\"fusion-clearfix\"><\/div><\/div><\/div><\/div><\/div><\/div><div class=\"fusion-fullwidth fullwidth-box fusion-builder-row-3 fusion-flex-container has-pattern-background has-mask-background nonhundred-percent-fullwidth non-hundred-percent-height-scrolling\" style=\"--awb-border-radius-top-left:0px;--awb-border-radius-top-right:0px;--awb-border-radius-bottom-right:0px;--awb-border-radius-bottom-left:0px;--awb-flex-wrap:wrap;\" ><div class=\"fusion-builder-row fusion-row fusion-flex-align-items-flex-start fusion-flex-content-wrap\" style=\"max-width:1216.8px;margin-left: calc(-4% \/ 2 );margin-right: calc(-4% \/ 2 );\"><div class=\"fusion-layout-column fusion_builder_column fusion-builder-column-3 fusion_builder_column_1_1 1_1 fusion-flex-column\" style=\"--awb-bg-size:cover;--awb-width-large:100%;--awb-margin-top-large:0px;--awb-spacing-right-large:1.92%;--awb-margin-bottom-large:20px;--awb-spacing-left-large:1.92%;--awb-width-medium:100%;--awb-order-medium:0;--awb-spacing-right-medium:1.92%;--awb-spacing-left-medium:1.92%;--awb-width-small:100%;--awb-order-small:0;--awb-spacing-right-small:1.92%;--awb-spacing-left-small:1.92%;\"><div class=\"fusion-column-wrapper fusion-column-has-shadow fusion-flex-justify-content-flex-start fusion-content-layout-column\"><div class=\"fusion-text fusion-text-2\" style=\"--awb-content-alignment:center;\"><h2>\u00bfPor qu\u00e9 elegir Country Credit Club para tus necesidades de financiaci\u00f3n empresarial?<\/h2>\n<\/div><div class=\"fusion-text fusion-text-3\" style=\"--awb-content-alignment:center;\"><ul>\n<li><strong>Soluciones orientadas a las empresas<\/strong>: Nuestras ofertas se elaboran teniendo en cuenta las necesidades \u00fanicas de las empresas, proporcion\u00e1ndoles las herramientas adecuadas para el \u00e9xito.<\/li>\n<li><strong>Pr\u00e1cticas transparentes<\/strong>: Creemos en la honestidad y la claridad, asegur\u00e1ndonos de que est\u00e9s plenamente informado sobre las condiciones de tus productos financieros.<\/li>\n<li><strong>Innovaci\u00f3n y comodidad<\/strong>: Benef\u00edciate de nuestros avanzados procesos de solicitud en l\u00ednea, herramientas de gesti\u00f3n de cuentas y asistencia especializada, dise\u00f1ados para que gestiones tus finanzas sin esfuerzo.<\/li>\n<\/ul>\n<p>  Eleva tu negocio con Country Credit Club como socio financiero.<br \/>\nPonte en contacto con nosotros hoy mismo para descubrir m\u00e1s sobre nuestros productos financieros para empresas, incluidos nuestros servicios de factoring, y c\u00f3mo podemos ayudar a tu empresa a alcanzar todo su potencial.<br \/>\nJuntos, construyamos un futuro pr\u00f3spero para tu negocio.<\/p>\n<\/div><\/div><\/div><\/div><\/div><\/p>\n","protected":false},"excerpt":{"rendered":"","protected":false},"author":1,"featured_media":0,"parent":0,"menu_order":0,"comment_status":"closed","ping_status":"closed","template":"","meta":{"footnotes":""},"class_list":["post-5982","page","type-page","status-publish","hentry"],"_links":{"self":[{"href":"https:\/\/www.countrycreditclub.com\/es\/wp-json\/wp\/v2\/pages\/5982","targetHints":{"allow":["GET"]}}],"collection":[{"href":"https:\/\/www.countrycreditclub.com\/es\/wp-json\/wp\/v2\/pages"}],"about":[{"href":"https:\/\/www.countrycreditclub.com\/es\/wp-json\/wp\/v2\/types\/page"}],"author":[{"embeddable":true,"href":"https:\/\/www.countrycreditclub.com\/es\/wp-json\/wp\/v2\/users\/1"}],"replies":[{"embeddable":true,"href":"https:\/\/www.countrycreditclub.com\/es\/wp-json\/wp\/v2\/comments?post=5982"}],"version-history":[{"count":2,"href":"https:\/\/www.countrycreditclub.com\/es\/wp-json\/wp\/v2\/pages\/5982\/revisions"}],"predecessor-version":[{"id":5986,"href":"https:\/\/www.countrycreditclub.com\/es\/wp-json\/wp\/v2\/pages\/5982\/revisions\/5986"}],"wp:attachment":[{"href":"https:\/\/www.countrycreditclub.com\/es\/wp-json\/wp\/v2\/media?parent=5982"}],"curies":[{"name":"wp","href":"https:\/\/api.w.org\/{rel}","templated":true}]}}