{"id":6021,"date":"2024-09-05T01:59:32","date_gmt":"2024-09-05T01:59:32","guid":{"rendered":"https:\/\/www.countrycreditclub.com\/service\/financiacion-anual-boi\/"},"modified":"2024-09-18T17:08:53","modified_gmt":"2024-09-18T17:08:53","slug":"boi-annual-filing","status":"publish","type":"product","link":"https:\/\/www.countrycreditclub.com\/es\/service\/boi-annual-filing\/","title":{"rendered":"Presentaci\u00f3n anual del BOI"},"content":{"rendered":"<p>Presentamos nuestro Servicio de Presentaci\u00f3n Anual, la soluci\u00f3n definitiva para las empresas que buscan simplificar su gesti\u00f3n de documentos y garantizar el cumplimiento de los requisitos normativos.<br \/>\nNuestro servicio est\u00e1 dise\u00f1ado para eliminar las molestias de organizar, presentar y mantener los documentos esenciales durante todo el a\u00f1o.<br \/>\nCon nuestro Servicio de Presentaci\u00f3n Anual, tendr\u00e1s acceso a un equipo de profesionales experimentados especializados en la gesti\u00f3n de presentaciones anuales para empresas de todos los tama\u00f1os.<br \/>\nNos encargamos de todo, desde preparar y organizar tus documentos hasta presentarlos a tiempo, garantizando que cumplas todos los plazos reglamentarios sin estr\u00e9s.<br \/>\nNuestro servicio incluye consultas personalizadas para comprender tus necesidades espec\u00edficas de presentaci\u00f3n, lo que nos permite adaptar nuestro enfoque a tu empresa.<br \/>\nProporcionamos recordatorios y alertas automatizados de los pr\u00f3ximos requisitos de presentaci\u00f3n, para que nunca vuelvas a incumplir un plazo.<br \/>\nLa seguridad es primordial; aplicamos medidas s\u00f3lidas para proteger tus datos confidenciales durante todo el proceso de presentaci\u00f3n.<br \/>\nNuestra soluci\u00f3n basada en la nube garantiza que tus documentos se almacenen de forma segura y sean f\u00e1cilmente accesibles siempre que los necesites.<br \/>\nInvierte hoy en nuestro Servicio de Presentaci\u00f3n Anual y experimenta la tranquilidad de saber que tus documentos est\u00e1n en manos expertas.<br \/>\nC\u00e9ntrate en hacer crecer tu negocio mientras nosotros nos ocupamos de tus necesidades de presentaci\u00f3n anual.         <\/p>\n","protected":false},"excerpt":{"rendered":"<p>Nuestro Servicio de Presentaci\u00f3n Anual simplifica la gesti\u00f3n de documentos y garantiza el cumplimiento de los requisitos normativos para empresas de todos los tama\u00f1os.<br \/>\nEste servicio renovable autom\u00e1ticamente elimina la preocupaci\u00f3n por el cumplimiento, ya que nuestro equipo de expertos se encarga de todo, desde la preparaci\u00f3n de los documentos hasta su presentaci\u00f3n puntual.<br \/>\nCon consultas personalizadas, recordatorios autom\u00e1ticos y s\u00f3lidas medidas de seguridad, adaptamos nuestro servicio para satisfacer tus necesidades espec\u00edficas.  <\/p>\n","protected":false},"featured_media":6031,"template":"","meta":[],"product_brand":[],"product_cat":[112],"product_tag":[],"class_list":{"0":"post-6021","1":"product","2":"type-product","3":"status-publish","4":"has-post-thumbnail","6":"product_cat-cumplimiento-fiscal","8":"first","9":"instock","10":"virtual","11":"purchasable","12":"product-type-simple"},"_links":{"self":[{"href":"https:\/\/www.countrycreditclub.com\/es\/wp-json\/wp\/v2\/product\/6021","targetHints":{"allow":["GET"]}}],"collection":[{"href":"https:\/\/www.countrycreditclub.com\/es\/wp-json\/wp\/v2\/product"}],"about":[{"href":"https:\/\/www.countrycreditclub.com\/es\/wp-json\/wp\/v2\/types\/product"}],"wp:featuredmedia":[{"embeddable":true,"href":"https:\/\/www.countrycreditclub.com\/es\/wp-json\/wp\/v2\/media\/6031"}],"wp:attachment":[{"href":"https:\/\/www.countrycreditclub.com\/es\/wp-json\/wp\/v2\/media?parent=6021"}],"wp:term":[{"taxonomy":"product_brand","embeddable":true,"href":"https:\/\/www.countrycreditclub.com\/es\/wp-json\/wp\/v2\/product_brand?post=6021"},{"taxonomy":"product_cat","embeddable":true,"href":"https:\/\/www.countrycreditclub.com\/es\/wp-json\/wp\/v2\/product_cat?post=6021"},{"taxonomy":"product_tag","embeddable":true,"href":"https:\/\/www.countrycreditclub.com\/es\/wp-json\/wp\/v2\/product_tag?post=6021"}],"curies":[{"name":"wp","href":"https:\/\/api.w.org\/{rel}","templated":true}]}}