{"id":6023,"date":"2024-09-05T02:00:43","date_gmt":"2024-09-05T02:00:43","guid":{"rendered":"https:\/\/www.countrycreditclub.com\/service\/presentacion-en-el-boi-de-por-vida\/"},"modified":"2024-09-11T15:32:22","modified_gmt":"2024-09-11T15:32:22","slug":"presentacion-en-el-boi-de-por-vida","status":"publish","type":"product","link":"https:\/\/www.countrycreditclub.com\/es\/service\/presentacion-en-el-boi-de-por-vida\/","title":{"rendered":"Presentaci\u00f3n en el BOI de por vida"},"content":{"rendered":"<p>Presentamos nuestro Servicio Vitalicio de Presentaci\u00f3n ante la Junta de Inversiones, la soluci\u00f3n definitiva para las empresas que buscan una forma rentable y sin complicaciones de gestionar sus presentaciones ante la Junta de Inversiones. Por un pago \u00fanico de s\u00f3lo $500, obtienes acceso de por vida a nuestro completo servicio de presentaci\u00f3n, que garantiza que tu empresa siga cumpliendo la normativa de la BOI en los a\u00f1os venideros. Nuestro equipo de expertos se encargar\u00e1 de todos los aspectos de tus declaraciones de BOI, desde la documentaci\u00f3n inicial hasta las presentaciones puntuales, lo que te permitir\u00e1 centrarte en el crecimiento de tu empresa sin el estr\u00e9s del cumplimiento de la normativa. Con nuestro Servicio Vitalicio de Presentaci\u00f3n BOI, recibir\u00e1s asistencia personalizada adaptada a tus necesidades espec\u00edficas, junto con recordatorios autom\u00e1ticos de cualquier requisito de presentaci\u00f3n. Este servicio est\u00e1 dise\u00f1ado para empresas que valoran la eficacia a largo plazo y quieren evitar cuotas anuales recurrentes. Con un compromiso de seguridad y confidencialidad, nos aseguramos de que tu informaci\u00f3n sensible est\u00e9 protegida en todo momento. Invierte en el futuro de tu empresa con nuestro Servicio de Presentaci\u00f3n BOI Vitalicio y disfruta de la tranquilidad de saber que tus presentaciones est\u00e1n gestionadas por expertos para toda la vida.      <\/p>\n","protected":false},"excerpt":{"rendered":"<p>Asegura tu cumplimiento con nuestro Servicio de Presentaci\u00f3n de BOI de por vida por un pago \u00fanico de $500. Este servicio todo incluido proporciona acceso de por vida a la gesti\u00f3n experta de tus presentaciones BOI, garantizando un cumplimiento sin estr\u00e9s y sin cuotas recurrentes. Disfruta de asistencia personalizada, recordatorios autom\u00e1ticos y una s\u00f3lida seguridad para tu informaci\u00f3n confidencial. Invierte en el futuro de tu empresa y simplifica el proceso de presentaci\u00f3n con nuestro Servicio de Presentaci\u00f3n de BOI de por Vida hoy mismo.   <\/p>\n","protected":false},"featured_media":6029,"template":"","meta":[],"product_brand":[],"product_cat":[112],"product_tag":[],"class_list":{"0":"post-6023","1":"product","2":"type-product","3":"status-publish","4":"has-post-thumbnail","6":"product_cat-cumplimiento-fiscal","8":"first","9":"instock","10":"virtual","11":"purchasable","12":"product-type-simple"},"_links":{"self":[{"href":"https:\/\/www.countrycreditclub.com\/es\/wp-json\/wp\/v2\/product\/6023","targetHints":{"allow":["GET"]}}],"collection":[{"href":"https:\/\/www.countrycreditclub.com\/es\/wp-json\/wp\/v2\/product"}],"about":[{"href":"https:\/\/www.countrycreditclub.com\/es\/wp-json\/wp\/v2\/types\/product"}],"wp:featuredmedia":[{"embeddable":true,"href":"https:\/\/www.countrycreditclub.com\/es\/wp-json\/wp\/v2\/media\/6029"}],"wp:attachment":[{"href":"https:\/\/www.countrycreditclub.com\/es\/wp-json\/wp\/v2\/media?parent=6023"}],"wp:term":[{"taxonomy":"product_brand","embeddable":true,"href":"https:\/\/www.countrycreditclub.com\/es\/wp-json\/wp\/v2\/product_brand?post=6023"},{"taxonomy":"product_cat","embeddable":true,"href":"https:\/\/www.countrycreditclub.com\/es\/wp-json\/wp\/v2\/product_cat?post=6023"},{"taxonomy":"product_tag","embeddable":true,"href":"https:\/\/www.countrycreditclub.com\/es\/wp-json\/wp\/v2\/product_tag?post=6023"}],"curies":[{"name":"wp","href":"https:\/\/api.w.org\/{rel}","templated":true}]}}